{"id":14,"date":"2014-01-08T19:02:10","date_gmt":"2014-01-08T17:02:10","guid":{"rendered":"http:\/\/localhost:8080\/wordpress\/?page_id=14"},"modified":"2024-01-17T16:47:43","modified_gmt":"2024-01-17T15:47:43","slug":"rechtsgebiete","status":"publish","type":"page","link":"https:\/\/ra-krell.de\/?page_id=14","title":{"rendered":"Rechtsgebiete"},"content":{"rendered":"<p><b>T\u00e4tigkeitsschwerpunkte<\/b><\/p>\n<ul>\n<li>Strafrecht &#8211; Strafverteidigung, Opfervertretung<\/li>\n<li>Ordnungswidrigkeitenrecht<\/li>\n<li>Verkehrsrecht (Verkehrsunf\u00e4lle, Fahrerlaubnisangelegenheiten, Bu\u00dfgeldbescheide)<\/li>\n<\/ul>\n<p><b>Interessenschwerpunkte<\/b><\/p>\n<ul>\n<li>Arbeitsrecht<\/li>\n<li>Familienrecht &#8211; Scheidungen<\/li>\n<\/ul>\n\n\n<p><strong>Blitzer-Update: <\/strong>aufgrund der hohen Fehleranf\u00e4lligkeit bei Geschwindigkeitsmessungen hat der Hersteller des Messger\u00e4tes <strong>Leivtec XV3<\/strong> die Bu\u00dfgeldbeh\u00f6rden aufgefordert, zun\u00e4chst von amtlichen Messungen mit diesem Ger\u00e4t Abstand zu nehmen. Der Hersteller reagiert damit auf eine Stellungnahme der Physikalisch-Technischen Bundesanstalt vom 12.03.2021, welche unzul\u00e4ssige Messwertabweichungen festgestellt hat. Es bestehen daher gute Chancen &#8211; auch in bereits laufenden Bu\u00dfgeldverfahren &#8211; die Messungen mit diesem Ger\u00e4t anzugreifen. Bei dem Leivtec XV3 handelt es sich um ein von den Beh\u00f6rden h\u00e4ufig eingesetztes Messger\u00e4t. Gern pr\u00fcfe ich in Ihrer Bu\u00dfgeldsache, ob dieses Ger\u00e4t zum Einsatz gekommen ist und er\u00f6rtere mit Ihnen die Erfolgsaussichten eines Einspruchs gegen den Bu\u00dfgeldbescheid.<\/p>\n\n\n\n<p><strong>Update Oktober 2022: (Kein) Fahrerlaubnisentzug nach Trunkenheitsfahrt mit E-Scooter: <\/strong>es sollte sich mittlerweile herumgesprochen haben, dass bei der Benutzung von sog. &#8222;Elektrokleinstfahrzeugen&#8220; &#8211; E-Scooter im \u00f6ffentlichen Stra\u00dfenverkehr dieselben Promillegrenzen wie beim F\u00fchren von Kraftfahrzeugen gelten. Bei Kraftfahrzeugf\u00fchrern ist bei einer strafrechtlichen Veurteilung wegen Trunkenheit im Verkehr in der Regel auch die Fahrerlaubnis zu entziehen und eine Sperre f\u00fcr die Wiedererteilung der Fahrerlaubnis zu verh\u00e4ngen. Dieses Schicksal teilten auch Betroffene, die sich zu stark alkoholisiert auf E-Scootern fortbewegten. Das Landgericht Leipzig hat nun in einer bemerkenswerten Entscheidung deutlich gemacht, dass bei der Fahrt mit einem E-Scooter eine Ausnahme von der Regel des Fahrerlaubnisentzugs gemacht werden kann. Der Betroffene behielt seine Fahrerlaubnis. Durch sachgerechte Verteidigung kann hier ein Fahrerlaubnisentzug vermieden werden. Gern berate ich Sie hierzu.<\/p>\n","protected":false},"excerpt":{"rendered":"<p>T\u00e4tigkeitsschwerpunkte Strafrecht &#8211; Strafverteidigung, Opfervertretung Ordnungswidrigkeitenrecht Verkehrsrecht (Verkehrsunf\u00e4lle, Fahrerlaubnisangelegenheiten, Bu\u00dfgeldbescheide) Interessenschwerpunkte Arbeitsrecht Familienrecht &#8211; Scheidungen Blitzer-Update: aufgrund der hohen Fehleranf\u00e4lligkeit bei Geschwindigkeitsmessungen hat der Hersteller des Messger\u00e4tes Leivtec XV3 die Bu\u00dfgeldbeh\u00f6rden aufgefordert, zun\u00e4chst von amtlichen Messungen mit diesem Ger\u00e4t Abstand zu nehmen. Der Hersteller reagiert damit auf eine Stellungnahme der Physikalisch-Technischen Bundesanstalt vom 12.03.2021, welche&#8230; <a class=\"more\" href=\"https:\/\/ra-krell.de\/?page_id=14\">Weiterlesen &rarr;<\/a><\/p>\n","protected":false},"author":1,"featured_media":0,"parent":0,"menu_order":0,"comment_status":"closed","ping_status":"closed","template":"fullwidth-page.php","meta":[],"_links":{"self":[{"href":"https:\/\/ra-krell.de\/index.php?rest_route=\/wp\/v2\/pages\/14"}],"collection":[{"href":"https:\/\/ra-krell.de\/index.php?rest_route=\/wp\/v2\/pages"}],"about":[{"href":"https:\/\/ra-krell.de\/index.php?rest_route=\/wp\/v2\/types\/page"}],"author":[{"embeddable":true,"href":"https:\/\/ra-krell.de\/index.php?rest_route=\/wp\/v2\/users\/1"}],"replies":[{"embeddable":true,"href":"https:\/\/ra-krell.de\/index.php?rest_route=%2Fwp%2Fv2%2Fcomments&post=14"}],"version-history":[{"count":5,"href":"https:\/\/ra-krell.de\/index.php?rest_route=\/wp\/v2\/pages\/14\/revisions"}],"predecessor-version":[{"id":313,"href":"https:\/\/ra-krell.de\/index.php?rest_route=\/wp\/v2\/pages\/14\/revisions\/313"}],"wp:attachment":[{"href":"https:\/\/ra-krell.de\/index.php?rest_route=%2Fwp%2Fv2%2Fmedia&parent=14"}],"curies":[{"name":"wp","href":"https:\/\/api.w.org\/{rel}","templated":true}]}}