{"id":171,"date":"2014-01-15T22:14:32","date_gmt":"2014-01-15T22:14:32","guid":{"rendered":"http:\/\/ra-krell.de\/?page_id=171"},"modified":"2024-01-17T16:54:47","modified_gmt":"2024-01-17T15:54:47","slug":"home","status":"publish","type":"page","link":"https:\/\/ra-krell.de\/","title":{"rendered":"Home"},"content":{"rendered":"<h4 style=\"text-align: center;\"><\/h4>\n<h4 style=\"text-align: center;\">Herzlich Willkommen!<\/h4>\n<p>Als <strong>Fachanwalt f\u00fcr Strafrecht und Fachanwalt f\u00fcr Verkehrsrecht<\/strong> bin ich in Leipzig f\u00fcr Sie t\u00e4tig. Ich verteidige Sie in Strafverfahren (Verkehrsstrafrecht, allgemeines Strafrecht) und Bu\u00dfgeldverfahren (Verkehrsordnungswidrigkeiten, allgemeine Ordnungswidrigkeiten).<\/p>\n<p>Sollten Sie eine Vorladung zur Polizei, eine Anh\u00f6rung im Bu\u00dfgeldverfahren, eine Anklageschrift, einen Strafbefehl oder einen Bu\u00dfgeldbescheid erhalten haben z\u00f6gern Sie nicht, umgehend Kontakt mit mir aufzunehmen. Oft kann eine fr\u00fchzeitige sachgerechte Verteidigung zu einem g\u00fcnstigen Ausgang des Verfahrens f\u00fchren. Beim Strafbefehl und Bu\u00dfgeldbescheid ist zudem die Einspruchsfrist von zwei Wochen ab Zustellung zu beachten.<\/p>\n<p>Als erfahrener \u00a0<strong>Strafverteidiger<\/strong> vertrete ich Sie \u00fcber die Grenzen Leipzigs hinaus bundesweit vor allen Amtsgerichten, Landgerichten, Oberlandesgerichten und vor dem Bundesgerichtshof.<\/p>\n<p>Sofern Sie Opfer einer Straftat geworden sind, unterst\u00fctze und vertrete ich Sie bei der Durchsetzung Ihrer Schadensersatzanspr\u00fcche und Schmerzensgeldanspr\u00fcche im Rahmen der Nebenklage, im Adh\u00e4sionsverfahren oder im Zivilverfahren (<strong>Opferanwalt<\/strong>).<\/p>\n<p>Ebenso vertrete ich Sie bei der Abwicklung von Verkehrsunf\u00e4llen (Schadensersatz, Schmerzensgeld, Mietwagenkosten), in Fahrerlaubnisangelegenheiten (Fahrerlaubnisentzug, MPU, Punkte im Fahreignungsregister Flensburg), sowie in Verfahren vor dem Arbeitsgericht (K\u00fcndigungsschutzklage) und dem Familiengericht (Scheidung).<\/p>\n","protected":false},"excerpt":{"rendered":"<p>Herzlich Willkommen! Als Fachanwalt f\u00fcr Strafrecht und Fachanwalt f\u00fcr Verkehrsrecht bin ich in Leipzig f\u00fcr Sie t\u00e4tig. Ich verteidige Sie in Strafverfahren (Verkehrsstrafrecht, allgemeines Strafrecht) und Bu\u00dfgeldverfahren (Verkehrsordnungswidrigkeiten, allgemeine Ordnungswidrigkeiten). Sollten Sie eine Vorladung zur Polizei, eine Anh\u00f6rung im Bu\u00dfgeldverfahren, eine Anklageschrift, einen Strafbefehl oder einen Bu\u00dfgeldbescheid erhalten haben z\u00f6gern Sie nicht, umgehend Kontakt mit&#8230; <a class=\"more\" href=\"https:\/\/ra-krell.de\/\">Weiterlesen &rarr;<\/a><\/p>\n","protected":false},"author":1,"featured_media":0,"parent":0,"menu_order":0,"comment_status":"closed","ping_status":"closed","template":"fullwidth-page.php","meta":[],"_links":{"self":[{"href":"https:\/\/ra-krell.de\/index.php?rest_route=\/wp\/v2\/pages\/171"}],"collection":[{"href":"https:\/\/ra-krell.de\/index.php?rest_route=\/wp\/v2\/pages"}],"about":[{"href":"https:\/\/ra-krell.de\/index.php?rest_route=\/wp\/v2\/types\/page"}],"author":[{"embeddable":true,"href":"https:\/\/ra-krell.de\/index.php?rest_route=\/wp\/v2\/users\/1"}],"replies":[{"embeddable":true,"href":"https:\/\/ra-krell.de\/index.php?rest_route=%2Fwp%2Fv2%2Fcomments&post=171"}],"version-history":[{"count":30,"href":"https:\/\/ra-krell.de\/index.php?rest_route=\/wp\/v2\/pages\/171\/revisions"}],"predecessor-version":[{"id":314,"href":"https:\/\/ra-krell.de\/index.php?rest_route=\/wp\/v2\/pages\/171\/revisions\/314"}],"wp:attachment":[{"href":"https:\/\/ra-krell.de\/index.php?rest_route=%2Fwp%2Fv2%2Fmedia&parent=171"}],"curies":[{"name":"wp","href":"https:\/\/api.w.org\/{rel}","templated":true}]}}