{"id":18,"date":"2014-01-08T18:59:30","date_gmt":"2014-01-08T16:59:30","guid":{"rendered":"http:\/\/localhost:8080\/wordpress\/?page_id=18"},"modified":"2026-01-22T10:47:27","modified_gmt":"2026-01-22T09:47:27","slug":"kontakt","status":"publish","type":"page","link":"https:\/\/ra-krell.de\/?page_id=18","title":{"rendered":"Kontakt"},"content":{"rendered":"<div class=\"left\">\n<div class=\"left\"><b>Rechtsanwalt Alexander Krell<\/b><br \/>Eisenbahnstra\u00dfe 29<br \/>04315 Leipzig\n<p>\u00a0<\/p>\n<div><b>Telefon<\/b>: 0341 &#8211; 24899078<\/div>\n<div><strong>Notfalltelefon: <\/strong>0341 &#8211; 12591081<\/div>\n<p><strong>Fax: <\/strong>0341 &#8211; 24919066<br \/><b>Email<\/b>: mail@ra-krell.de\u00a0 &#8211;\u00a0 OpenPGP Schl\u00fcssel: <tt>05A363D677C41BB90EDF899BE595482AD84F4904<\/tt><\/p>\n<\/div>\n<\/div>\n<div class=\"left\">\n<div>\n<div>Tram: Linien 1, 3, 8 Haltestelle Einertstra\u00dfe<\/div>\n<div>Parkpl\u00e4tze finden Sie direkt vor dem Haus<\/div>\n<\/div>\n<\/div>\n\n\n<figure class=\"wp-block-image size-large\"><a href=\"https:\/\/www.openstreetmap.de\/karte.html#\"><img decoding=\"async\" loading=\"lazy\" width=\"840\" height=\"706\" src=\"https:\/\/ra-krell.de\/wp-content\/uploads\/2020\/04\/Screenshot_2020-04-14-OpenStreetMap-Deutschland-Karte1-1.png\" alt=\"\" class=\"wp-image-285\" srcset=\"https:\/\/ra-krell.de\/wp-content\/uploads\/2020\/04\/Screenshot_2020-04-14-OpenStreetMap-Deutschland-Karte1-1.png 840w, https:\/\/ra-krell.de\/wp-content\/uploads\/2020\/04\/Screenshot_2020-04-14-OpenStreetMap-Deutschland-Karte1-1-320x269.png 320w, https:\/\/ra-krell.de\/wp-content\/uploads\/2020\/04\/Screenshot_2020-04-14-OpenStreetMap-Deutschland-Karte1-1-768x645.png 768w, https:\/\/ra-krell.de\/wp-content\/uploads\/2020\/04\/Screenshot_2020-04-14-OpenStreetMap-Deutschland-Karte1-1-540x454.png 540w\" sizes=\"(max-width: 840px) 100vw, 840px\" \/><\/a><\/figure>\n","protected":false},"excerpt":{"rendered":"<p>Rechtsanwalt Alexander KrellEisenbahnstra\u00dfe 2904315 Leipzig \u00a0 Telefon: 0341 &#8211; 24899078 Notfalltelefon: 0341 &#8211; 12591081 Fax: 0341 &#8211; 24919066Email: mail@ra-krell.de\u00a0 &#8211;\u00a0 OpenPGP Schl\u00fcssel: 05A363D677C41BB90EDF899BE595482AD84F4904 Tram: Linien 1, 3, 8 Haltestelle Einertstra\u00dfe Parkpl\u00e4tze finden Sie direkt vor dem Haus<\/p>\n","protected":false},"author":1,"featured_media":0,"parent":0,"menu_order":0,"comment_status":"closed","ping_status":"closed","template":"fullwidth-page.php","meta":[],"_links":{"self":[{"href":"https:\/\/ra-krell.de\/index.php?rest_route=\/wp\/v2\/pages\/18"}],"collection":[{"href":"https:\/\/ra-krell.de\/index.php?rest_route=\/wp\/v2\/pages"}],"about":[{"href":"https:\/\/ra-krell.de\/index.php?rest_route=\/wp\/v2\/types\/page"}],"author":[{"embeddable":true,"href":"https:\/\/ra-krell.de\/index.php?rest_route=\/wp\/v2\/users\/1"}],"replies":[{"embeddable":true,"href":"https:\/\/ra-krell.de\/index.php?rest_route=%2Fwp%2Fv2%2Fcomments&post=18"}],"version-history":[{"count":23,"href":"https:\/\/ra-krell.de\/index.php?rest_route=\/wp\/v2\/pages\/18\/revisions"}],"predecessor-version":[{"id":328,"href":"https:\/\/ra-krell.de\/index.php?rest_route=\/wp\/v2\/pages\/18\/revisions\/328"}],"wp:attachment":[{"href":"https:\/\/ra-krell.de\/index.php?rest_route=%2Fwp%2Fv2%2Fmedia&parent=18"}],"curies":[{"name":"wp","href":"https:\/\/api.w.org\/{rel}","templated":true}]}}