{"id":33,"date":"2014-01-08T20:47:54","date_gmt":"2014-01-08T18:47:54","guid":{"rendered":"http:\/\/localhost:8080\/wordpress\/?page_id=33"},"modified":"2024-07-10T12:46:07","modified_gmt":"2024-07-10T11:46:07","slug":"impressum","status":"publish","type":"page","link":"https:\/\/ra-krell.de\/?page_id=33","title":{"rendered":"Impressum"},"content":{"rendered":"<p><b>Rechtsanwalt Alexander Krell<\/b><br \/>\nEisenbahnstra\u00dfe 29<br \/>\n04315 Leipzig<\/p>\n<div><b>Telefon<\/b>: +49 341 12591081<br \/>\n<b>Email<\/b>: mail@ra-krell.de<\/div>\n<div><\/div>\n<p>Ich bin gesetzlich verpflichtet, die ma\u00dfgeblichen berufsrechtlichen Vorschriften und Gesetze anzugeben. Diese sind:<\/p>\n<p>Die Bundesrechtsanwaltsordnung (BRAO)<br \/>\nDie Berufsordnung (BORA)<br \/>\nDie Fachanwaltsordnung (FAO)<br \/>\nDas Rechtsanwaltsverg\u00fctungsgesetz (RVG)<br \/>\nDie Berufsregeln der Rechtsanw\u00e4lte der Europ\u00e4ischen Gemeinschaft<br \/>\nDas Gesetz \u00fcber T\u00e4tigkeit europ\u00e4ischer Rechtsanw\u00e4lte in Deutschland (EuRAG)<br \/>\nWeitere Informationen dazu erhalten Sie unter dem Link <a title=\"Berufsrecht\" href=\"http:\/\/www.brak.de\/fuer-anwaelte\/berufsrecht\/\" target=\"_blank\" rel=\"noopener\">Berufsregeln<\/a>.<\/p>\n<p>Zust\u00e4ndige Aufsichtsbeh\u00f6rde: Rechtsanwaltskammer Sachsen, Glacisstra\u00dfe 6, 01099 Dresden<\/p>\n<p>Umsatzsteuer-ID nach \u00a7 27a UStG: 231\/241\/11781<\/p>\n<p>Dem Rechtsanwalt Alexander Krell wurde die gesetzliche Berufsbezeichnung Rechtsanwalt in der Bundesrepublik Deutschland verliehen. Aufgrund nachgewiesener besonderer theoretischer Kenntnisse und besonderer praktischer Erfahrungen auf dem Gebiet des Strafrechts und Verkehrsrechts wurden dem Rechtsanwalt Alexander Krell die Fachanwaltsbezeichnungen &#8222;Fachanwalt f\u00fcr Strafrecht&#8220; und &#8222;Fachanwalt f\u00fcr Verkehrsrecht&#8220; von der Rechtsanwaltskammer Sachsen verliehen.<\/p>\n<p>Berufshaftpflichtversichung<\/p>\n<p>AXA Konzern AG, Colonia Allee 10-20, 51067 K\u00f6ln;<\/p>\n<p>Die Wahrnehmung widerstreitender Interessen ist Rechtsanw\u00e4lten aufgrund berufsrechtlicher Regelungen untersagt (\u00a7 43a Abs.4 BRAO). Vor der Annahme eines Mandates wird deshalb immer gepr\u00fcft, ob ein Interessenkonflikt vorliegt. Bei Streikigkeiten zwischen Rechtsanw\u00e4lten und ihren Auftraggebern besteht auf Antrag die M\u00f6glichkeit der au\u00dfergerichtlichen Streitschlichtung bei der Rechtsanwaltskammer Sachsen. Allein durch den Aufruf und Nutzung der Webseite oder Kontaktaufnahme mit dem Seitenbetreiber (Inhaltlich Verantwortlicher) kommt kein Vertragsverh\u00e4ltnis zwischen dem Nutzer der Seite und dem Inhaltlich Verantwortlichen zustande.<br \/>\nMeine Webseite enth\u00e4lt Verlinkungen zu Webseiten Dritter. Auf den Inhalt dieser Webseiten habe ich keinen Einfluss &#8211; vielmehr ist f\u00fcr deren Inhalt der jeweilige Betreiber bzw. Anbieter verantwortlich. Personenbezogene Daten werden im Rahmen des Mandatsverh\u00e4ltnisses elektronisch gespeichert.<\/p>\n<p>Inhaltlich Verantwortlicher: Alexander Krell<\/p>\n","protected":false},"excerpt":{"rendered":"<p>Rechtsanwalt Alexander Krell Eisenbahnstra\u00dfe 29 04315 Leipzig Telefon: +49 341 12591081 Email: mail@ra-krell.de Ich bin gesetzlich verpflichtet, die ma\u00dfgeblichen berufsrechtlichen Vorschriften und Gesetze anzugeben. Diese sind: Die Bundesrechtsanwaltsordnung (BRAO) Die Berufsordnung (BORA) Die Fachanwaltsordnung (FAO) Das Rechtsanwaltsverg\u00fctungsgesetz (RVG) Die Berufsregeln der Rechtsanw\u00e4lte der Europ\u00e4ischen Gemeinschaft Das Gesetz \u00fcber T\u00e4tigkeit europ\u00e4ischer Rechtsanw\u00e4lte in Deutschland (EuRAG) Weitere&#8230; <a class=\"more\" href=\"https:\/\/ra-krell.de\/?page_id=33\">Weiterlesen &rarr;<\/a><\/p>\n","protected":false},"author":1,"featured_media":0,"parent":0,"menu_order":0,"comment_status":"closed","ping_status":"closed","template":"fullwidth-page.php","meta":[],"_links":{"self":[{"href":"https:\/\/ra-krell.de\/index.php?rest_route=\/wp\/v2\/pages\/33"}],"collection":[{"href":"https:\/\/ra-krell.de\/index.php?rest_route=\/wp\/v2\/pages"}],"about":[{"href":"https:\/\/ra-krell.de\/index.php?rest_route=\/wp\/v2\/types\/page"}],"author":[{"embeddable":true,"href":"https:\/\/ra-krell.de\/index.php?rest_route=\/wp\/v2\/users\/1"}],"replies":[{"embeddable":true,"href":"https:\/\/ra-krell.de\/index.php?rest_route=%2Fwp%2Fv2%2Fcomments&post=33"}],"version-history":[{"count":8,"href":"https:\/\/ra-krell.de\/index.php?rest_route=\/wp\/v2\/pages\/33\/revisions"}],"predecessor-version":[{"id":318,"href":"https:\/\/ra-krell.de\/index.php?rest_route=\/wp\/v2\/pages\/33\/revisions\/318"}],"wp:attachment":[{"href":"https:\/\/ra-krell.de\/index.php?rest_route=%2Fwp%2Fv2%2Fmedia&parent=33"}],"curies":[{"name":"wp","href":"https:\/\/api.w.org\/{rel}","templated":true}]}}