{"id":38,"date":"2014-01-08T21:02:47","date_gmt":"2014-01-08T19:02:47","guid":{"rendered":"http:\/\/localhost:8080\/wordpress\/?page_id=38"},"modified":"2019-07-30T07:17:41","modified_gmt":"2019-07-30T06:17:41","slug":"zurperson","status":"publish","type":"page","link":"https:\/\/ra-krell.de\/?page_id=38","title":{"rendered":"Zur Person"},"content":{"rendered":"<div class=\"left\">\n<ul>\n<li>geboren 1978 in <a href=\"http:\/\/www.leipzig.de\" target=\"_blank\" rel=\"noopener\">Leipzig<\/a><\/li>\n<li>Studium der Rechtswissenschaften an der <a href=\"http:\/\/www.uni-leipzig.de\/~jura\" target=\"_blank\" rel=\"noopener\">Universit\u00e4t Leipzig<\/a><\/li>\n<li>Referendariat am <a href=\"http:\/\/www.justiz.sachsen.de\/lgl\" target=\"_blank\" rel=\"noopener\">Landgericht Leipzig<\/a><\/li>\n<li>2010 &#8211; 2013 angestellter Rechtsanwalt in der <a href=\"http:\/\/www.bonell-collegen.de\" target=\"_blank\" rel=\"noopener\">Kanzlei Bonell &amp; Collegen<\/a><\/li>\n<li>seit 04.2013 selbstst\u00e4ndiger Rechtsanwalt &#8211; Freier Mitarbeiter in der <a href=\"http:\/\/www.bonell-collegen.de\" target=\"_blank\" rel=\"noopener\">Kanzlei Bonell &amp; Collegen<\/a><\/li>\n<li>seit 04.2013 Fachanwalt f\u00fcr Strafrecht<\/li>\n<li>seit 04.2015 Fachanwalt f\u00fcr Verkehrsrecht<\/li>\n<li>seit 12.2015 in eigener Kanzlei am Standort <a title=\"Maps\" href=\"https:\/\/www.google.de\/maps\/place\/Eisenbahnstra%C3%9Fe+29,+04315+Leipzig\/@51.3460096,12.3971935,17z\/data=!3m1!4b1!4m2!3m1!1s0x47a6f814c8fca225:0xa1c7fe1d60ed7dc0\" target=\"_blank\" rel=\"noopener\">Eisenbahnstra\u00dfe 29<\/a> in Leipzig t\u00e4tig<\/li>\n<li>Mitglied im <a href=\"http:\/\/www.leipziger-strafverteidiger.de\/\" target=\"_blank\" rel=\"noopener\">Leipziger Strafverteidiger e.V.<\/a><\/li>\n<li>Mitglied in der <a href=\"http:\/\/www.strafverteidiger-sachsen.de\" target=\"_blank\" rel=\"noopener\">Strafverteidigervereinigung Sachsen\/Sachsen-Anhalt e.V.<\/a><\/li>\n<\/ul>\n<\/div>\n<div class=\"akimage\"><\/div>\n<div style=\"clear: both;\"><\/div>\n","protected":false},"excerpt":{"rendered":"<p>geboren 1978 in Leipzig Studium der Rechtswissenschaften an der Universit\u00e4t Leipzig Referendariat am Landgericht Leipzig 2010 &#8211; 2013 angestellter Rechtsanwalt in der Kanzlei Bonell &amp; Collegen seit 04.2013 selbstst\u00e4ndiger Rechtsanwalt &#8211; Freier Mitarbeiter in der Kanzlei Bonell &amp; Collegen seit 04.2013 Fachanwalt f\u00fcr Strafrecht seit 04.2015 Fachanwalt f\u00fcr Verkehrsrecht seit 12.2015 in eigener Kanzlei am&#8230; <a class=\"more\" href=\"https:\/\/ra-krell.de\/?page_id=38\">Weiterlesen &rarr;<\/a><\/p>\n","protected":false},"author":1,"featured_media":0,"parent":0,"menu_order":0,"comment_status":"closed","ping_status":"closed","template":"fullwidth-page.php","meta":[],"_links":{"self":[{"href":"https:\/\/ra-krell.de\/index.php?rest_route=\/wp\/v2\/pages\/38"}],"collection":[{"href":"https:\/\/ra-krell.de\/index.php?rest_route=\/wp\/v2\/pages"}],"about":[{"href":"https:\/\/ra-krell.de\/index.php?rest_route=\/wp\/v2\/types\/page"}],"author":[{"embeddable":true,"href":"https:\/\/ra-krell.de\/index.php?rest_route=\/wp\/v2\/users\/1"}],"replies":[{"embeddable":true,"href":"https:\/\/ra-krell.de\/index.php?rest_route=%2Fwp%2Fv2%2Fcomments&post=38"}],"version-history":[{"count":34,"href":"https:\/\/ra-krell.de\/index.php?rest_route=\/wp\/v2\/pages\/38\/revisions"}],"predecessor-version":[{"id":274,"href":"https:\/\/ra-krell.de\/index.php?rest_route=\/wp\/v2\/pages\/38\/revisions\/274"}],"wp:attachment":[{"href":"https:\/\/ra-krell.de\/index.php?rest_route=%2Fwp%2Fv2%2Fmedia&parent=38"}],"curies":[{"name":"wp","href":"https:\/\/api.w.org\/{rel}","templated":true}]}}